{"id":2,"date":"2014-05-23T21:17:06","date_gmt":"2014-05-23T21:17:06","guid":{"rendered":"http:\/\/www.vakta.is\/?page_id=2"},"modified":"2018-09-24T09:45:45","modified_gmt":"2018-09-24T09:45:45","slug":"sample-page","status":"publish","type":"page","link":"https:\/\/www.vakta.is\/","title":{"rendered":"Heils\u00e1rsv\u00f6ktun"},"content":{"rendered":"<p>Ing\u00f3lfur P\u00e9tursson \u00e1 og rekur vakta.is. Starfsemin felst \u00ed eftirliti me\u00f0 fasteignum svo sem sumarh\u00fasum, \u00edb\u00fa\u00f0arh\u00fasum og atvinnuh\u00fasn\u00e6\u00f0i sni\u00f0i\u00f0 a\u00f0 \u00fe\u00f6rfum vi\u00f0skiptavina. D\u00e6mi um \u00fej\u00f3nustusamning er a\u00f0 Vakta.is og vi\u00f0skiptavinur gera me\u00f0 s\u00e9r samkomu lag um a\u00f0 Vakta.is heims\u00e6kir h\u00fas reglulega \u00e1 \u00e1kve\u00f0nu t\u00edmabili, td. vetrarm\u00e1nu\u00f0ina. \u00dear er fari\u00f0 yfir \u00fea\u00f0 helsta sem vi\u00f0skiptavinur \u00f3skar eftir.<\/p>\n<blockquote><p>Milljar\u00f0a eignatj\u00f3n, \u00f3\u00fe\u00e6gindi og jafnvel heilsutj\u00f3n\u00a0ver\u00f0ur vegna vatnsleka, raka og myglu \u00e1\u00a0\u00edslenskum heimilum \u00e1r hvert. Sumt af \u00fev\u00ed b\u00e6ta\u00a0tryggingaf\u00e9l\u00f6gin. Anna\u00f0 sitja heimilin uppi me\u00f0. (Af vefs\u00ed\u00f0u Mannvirkjastofnunar)<\/p><\/blockquote>\n<p>\u00cd\u00a0m\u00f6rgum tilfellum er h\u00e6gt a\u00f0 koma \u00ed veg\u00a0fyrir e\u00f0a takmarka ska\u00f0a me\u00f0 \u00fev\u00ed a\u00f0 halda uppi reglulegu eftirliti.<\/p>\n<blockquote><p><span style=\"font-size: small;\">\u00deegar gengi\u00f0 er fr\u00e1 h\u00fasi a\u00f0 utan fyrir vetrarm\u00e1nu\u00f0ina \u00fearf au\u00f0vita\u00f0 a\u00f0 gefa g\u00e6tur a\u00f0 \u00fev\u00ed hva\u00f0 getur foki\u00f0 \u00ed vetrarstormum. \u00deaki\u00f0 \u00fearfnast s\u00e9rstakrar athygli, t.d. hvort negling \u00e1 \u00feakpl\u00f6tum er farin a\u00f0 gefa sig. Algengt er a\u00f0 naglar lyftist upp og losni. \u00cd sumarhitum ver\u00f0a allmiklar hitabreytingar \u00ed \u00feakpl\u00f6tunum svo a\u00f0 naglar og skr\u00fafur losna. S\u00ed\u00f0an \u00feegar sterkir vindar bl\u00e1sa geta \u00feeir rifi\u00f0 \u00feakpl\u00f6turnar upp og feykt \u00feeim burtu. \u00deakplata byrjar a\u00f0 lyftast \u00e1 horni e\u00f0a \u00e1 ja\u00f0ri og me\u00f0 s\u00edfelldum vindhvi\u00f0um endar platan me\u00f0 \u00fev\u00ed a\u00f0 fj\u00faka brott. (<a href=\"http:\/\/www.sumarhus.is\/index.php?option=com_content&amp;view=article&amp;id=246&amp;Itemid=277\">http:\/\/www.sumarhus.is\/index.php?option=com_content&amp;view=article&amp;id=246&amp;Itemid=277<\/a>)<\/span><\/p><\/blockquote>\n<p>\u00dea\u00f0 er a\u00f0 m\u00f6rgu a\u00f0 huga fyrir sumarh\u00fasaeigendur. Reglulegar heims\u00f3knir \u00ed t\u00f3m sumarh\u00fas geta oft komi\u00f0 \u00ed veg fyrir a\u00f0 tj\u00f3n magnist fr\u00e1 \u00fev\u00ed a\u00f0 vera td. brotin r\u00fa\u00f0a yfir \u00ed a\u00f0 vera \u00f3n\u00fdt g\u00f3lf, innb\u00fa og veggir.<\/p>\n","protected":false},"excerpt":{"rendered":"<p>Ing\u00f3lfur P\u00e9tursson \u00e1 og rekur vakta.is. Starfsemin felst \u00ed eftirliti me\u00f0 fasteignum svo sem sumarh\u00fasum, \u00edb\u00fa\u00f0arh\u00fasum og atvinnuh\u00fasn\u00e6\u00f0i sni\u00f0i\u00f0 a\u00f0 \u00fe\u00f6rfum vi\u00f0skiptavina. D\u00e6mi um \u00fej\u00f3nustusamning er a\u00f0 Vakta.is og vi\u00f0skiptavinur gera me\u00f0 s\u00e9r samkomu lag um a\u00f0 Vakta.is heims\u00e6kir h\u00fas reglulega \u00e1 \u00e1kve\u00f0nu t\u00edmabili, td. vetrarm\u00e1nu\u00f0ina. \u00dear er fari\u00f0 yfir \u00fea\u00f0 helsta sem vi\u00f0skiptavinur \u00f3skar [&hellip;]<\/p>\n","protected":false},"author":1,"featured_media":0,"parent":0,"menu_order":0,"comment_status":"open","ping_status":"open","template":"","meta":{"footnotes":""},"class_list":["post-2","page","type-page","status-publish","hentry"],"_links":{"self":[{"href":"https:\/\/www.vakta.is\/index.php?rest_route=\/wp\/v2\/pages\/2","targetHints":{"allow":["GET"]}}],"collection":[{"href":"https:\/\/www.vakta.is\/index.php?rest_route=\/wp\/v2\/pages"}],"about":[{"href":"https:\/\/www.vakta.is\/index.php?rest_route=\/wp\/v2\/types\/page"}],"author":[{"embeddable":true,"href":"https:\/\/www.vakta.is\/index.php?rest_route=\/wp\/v2\/users\/1"}],"replies":[{"embeddable":true,"href":"https:\/\/www.vakta.is\/index.php?rest_route=%2Fwp%2Fv2%2Fcomments&post=2"}],"version-history":[{"count":9,"href":"https:\/\/www.vakta.is\/index.php?rest_route=\/wp\/v2\/pages\/2\/revisions"}],"predecessor-version":[{"id":30,"href":"https:\/\/www.vakta.is\/index.php?rest_route=\/wp\/v2\/pages\/2\/revisions\/30"}],"wp:attachment":[{"href":"https:\/\/www.vakta.is\/index.php?rest_route=%2Fwp%2Fv2%2Fmedia&parent=2"}],"curies":[{"name":"wp","href":"https:\/\/api.w.org\/{rel}","templated":true}]}}